{"id":1677,"date":"2024-09-17T13:39:35","date_gmt":"2024-09-17T13:39:35","guid":{"rendered":"https:\/\/nhrbrasil.org.br\/?page_id=1677"},"modified":"2024-12-09T17:58:57","modified_gmt":"2024-12-09T17:58:57","slug":"transparencia","status":"publish","type":"page","link":"https:\/\/nhrbrasil.org.br\/?page_id=1677","title":{"rendered":"Transpar\u00eancia"},"content":{"rendered":"\t\t<div data-elementor-type=\"wp-page\" data-elementor-id=\"1677\" class=\"elementor elementor-1677\" data-elementor-post-type=\"page\">\n\t\t\t\t<div class=\"elementor-element elementor-element-a36c563 e-con-full e-flex e-con e-parent\" data-id=\"a36c563\" data-element_type=\"container\" data-settings=\"{&quot;background_background&quot;:&quot;classic&quot;}\">\n\t\t\t\t<\/div>\n\t\t<div class=\"elementor-element elementor-element-ace1bf0 e-flex e-con-boxed e-con e-parent\" data-id=\"ace1bf0\" data-element_type=\"container\">\n\t\t\t\t\t<div class=\"e-con-inner\">\n\t\t\t\t<div class=\"elementor-element elementor-element-b14b652 elementor-widget elementor-widget-elementskit-heading\" data-id=\"b14b652\" data-element_type=\"widget\" data-widget_type=\"elementskit-heading.default\">\n\t\t\t\t<div class=\"elementor-widget-container\">\n\t\t\t\t\t<div class=\"ekit-wid-con\" ><div class=\"ekit-heading elementskit-section-title-wraper text_center   ekit_heading_tablet-   ekit_heading_mobile-text_center\"><h6 class=\"ekit-heading--title elementskit-section-title \">Transpar\u00eancia<\/h6><\/div><\/div>\t\t\t\t<\/div>\n\t\t\t\t<\/div>\n\t\t\t\t\t<\/div>\n\t\t\t\t<\/div>\n\t\t<div class=\"elementor-element elementor-element-9267641 e-flex e-con-boxed e-con e-parent\" data-id=\"9267641\" data-element_type=\"container\">\n\t\t\t\t\t<div class=\"e-con-inner\">\n\t\t\t\t<div class=\"elementor-element elementor-element-4d13996 elementor-widget elementor-widget-elementskit-heading\" data-id=\"4d13996\" data-element_type=\"widget\" data-widget_type=\"elementskit-heading.default\">\n\t\t\t\t<div class=\"elementor-widget-container\">\n\t\t\t\t\t<div class=\"ekit-wid-con\" ><div class=\"ekit-heading elementskit-section-title-wraper text_left   ekit_heading_tablet-   ekit_heading_mobile-text_center\"><h3 class=\"ekit-heading--title elementskit-section-title \">Investimentos e Pol\u00edticas por tr\u00e1s de <span><span>nosso impacto.<\/h3><\/div><\/div>\t\t\t\t<\/div>\n\t\t\t\t<\/div>\n\t\t\t\t<div class=\"elementor-element elementor-element-9b8071e elementor-widget elementor-widget-text-editor\" data-id=\"9b8071e\" data-element_type=\"widget\" data-widget_type=\"text-editor.default\">\n\t\t\t\t<div class=\"elementor-widget-container\">\n\t\t\t\t\t\t\t\t\t<p><span style=\"font-weight: 400;\">Bem-vindo(a) \u00e0 se\u00e7\u00e3o de Transpar\u00eancia da Funda\u00e7\u00e3o NHR Brasil, dedicada a promover a abertura e presta\u00e7\u00e3o de contas sobre nossas atividades e opera\u00e7\u00f5es. Aqui voc\u00ea encontrar\u00e1 informa\u00e7\u00f5es detalhadas sobre nossos relat\u00f3rios financeiros, incluindo fontes de receita e distribui\u00e7\u00e3o de despesas, garantindo total transpar\u00eancia na gest\u00e3o dos recursos que nos s\u00e3o confiados.\u00a0<\/span><\/p><p><span style=\"font-weight: 400;\">Al\u00e9m disso, disponibilizamos documentos legais como nosso estatuto, em conformidade com as diretrizes estabelecidas, e pol\u00edticas relacionadas \u00e0 Lei Geral de Prote\u00e7\u00e3o de Dados (LGPD), reafirmando nosso compromisso com a integridade e a responsabilidade em todas as nossas iniciativas. Estamos comprometidos em manter um padr\u00e3o elevado de transpar\u00eancia e presta\u00e7\u00e3o de contas, refletindo nosso compromisso com a comunidade e nossos parceiros.<\/span><\/p><p><b>Relat\u00f3rios 2023<\/b><\/p><p><b>Confira os Relat\u00f3rios Anteriores<\/b><\/p><p><b>Documenta\u00e7\u00e3o Legal<\/b><\/p><p><b>Pol\u00edticas e C\u00f3digos de Conduta<\/b><\/p><p><b>Lei Geral de Prote\u00e7\u00e3o de Dados (LGPD)<\/b><\/p>\t\t\t\t\t\t\t\t<\/div>\n\t\t\t\t<\/div>\n\t\t\t\t\t<\/div>\n\t\t\t\t<\/div>\n\t\t\t\t<\/div>\n\t\t","protected":false},"excerpt":{"rendered":"<p>Transpar\u00eancia Investimentos e Pol\u00edticas por tr\u00e1s de nosso impacto. Bem-vindo(a) \u00e0 se\u00e7\u00e3o de Transpar\u00eancia da Funda\u00e7\u00e3o NHR Brasil, dedicada a promover a abertura e presta\u00e7\u00e3o de contas sobre nossas atividades e opera\u00e7\u00f5es. Aqui voc\u00ea encontrar\u00e1 informa\u00e7\u00f5es detalhadas sobre nossos relat\u00f3rios financeiros, incluindo fontes de receita e distribui\u00e7\u00e3o de despesas, garantindo total transpar\u00eancia na gest\u00e3o dos [&hellip;]<\/p>\n","protected":false},"author":1,"featured_media":0,"parent":0,"menu_order":0,"comment_status":"closed","ping_status":"closed","template":"","meta":{"om_disable_all_campaigns":false,"inline_featured_image":false,"_monsterinsights_skip_tracking":false,"_monsterinsights_sitenote_active":false,"_monsterinsights_sitenote_note":"","_monsterinsights_sitenote_category":0,"footnotes":""},"class_list":["post-1677","page","type-page","status-publish","hentry"],"aioseo_notices":[],"_links":{"self":[{"href":"https:\/\/nhrbrasil.org.br\/index.php?rest_route=\/wp\/v2\/pages\/1677","targetHints":{"allow":["GET"]}}],"collection":[{"href":"https:\/\/nhrbrasil.org.br\/index.php?rest_route=\/wp\/v2\/pages"}],"about":[{"href":"https:\/\/nhrbrasil.org.br\/index.php?rest_route=\/wp\/v2\/types\/page"}],"author":[{"embeddable":true,"href":"https:\/\/nhrbrasil.org.br\/index.php?rest_route=\/wp\/v2\/users\/1"}],"replies":[{"embeddable":true,"href":"https:\/\/nhrbrasil.org.br\/index.php?rest_route=%2Fwp%2Fv2%2Fcomments&post=1677"}],"version-history":[{"count":43,"href":"https:\/\/nhrbrasil.org.br\/index.php?rest_route=\/wp\/v2\/pages\/1677\/revisions"}],"predecessor-version":[{"id":2851,"href":"https:\/\/nhrbrasil.org.br\/index.php?rest_route=\/wp\/v2\/pages\/1677\/revisions\/2851"}],"wp:attachment":[{"href":"https:\/\/nhrbrasil.org.br\/index.php?rest_route=%2Fwp%2Fv2%2Fmedia&parent=1677"}],"curies":[{"name":"wp","href":"https:\/\/api.w.org\/{rel}","templated":true}]}}