{"id":1788,"date":"2024-09-17T17:04:28","date_gmt":"2024-09-17T17:04:28","guid":{"rendered":"https:\/\/nhrbrasil.org.br\/?page_id=1788"},"modified":"2025-05-27T13:19:21","modified_gmt":"2025-05-27T13:19:21","slug":"historias-de-impacto","status":"publish","type":"page","link":"https:\/\/nhrbrasil.org.br\/?page_id=1788","title":{"rendered":"Hist\u00f3rias de Impacto"},"content":{"rendered":"\t\t<div data-elementor-type=\"wp-page\" data-elementor-id=\"1788\" class=\"elementor elementor-1788\" data-elementor-post-type=\"page\">\n\t\t\t\t\t\t<section class=\"elementor-section elementor-top-section elementor-element elementor-element-130ddfd7 elementor-section-height-min-height elementor-section-content-middle elementor-section-boxed elementor-section-height-default elementor-section-items-middle\" data-id=\"130ddfd7\" data-element_type=\"section\" data-settings=\"{&quot;background_background&quot;:&quot;classic&quot;}\">\n\t\t\t\t\t\t\t<div class=\"elementor-background-overlay\"><\/div>\n\t\t\t\t\t\t\t<div class=\"elementor-container elementor-column-gap-no\">\n\t\t\t\t\t<div class=\"elementor-column elementor-col-100 elementor-top-column elementor-element elementor-element-7b6d43fa\" data-id=\"7b6d43fa\" data-element_type=\"column\" data-settings=\"{&quot;background_background&quot;:&quot;classic&quot;}\">\n\t\t\t<div class=\"elementor-widget-wrap\">\n\t\t\t\t\t\t\t<\/div>\n\t\t<\/div>\n\t\t\t\t\t<\/div>\n\t\t<\/section>\n\t\t<div class=\"elementor-element elementor-element-17f53db e-flex e-con-boxed e-con e-parent\" data-id=\"17f53db\" data-element_type=\"container\">\n\t\t\t\t\t<div class=\"e-con-inner\">\n\t\t\t\t<div class=\"elementor-element elementor-element-28aed1c elementor-widget elementor-widget-elementskit-heading\" data-id=\"28aed1c\" data-element_type=\"widget\" data-widget_type=\"elementskit-heading.default\">\n\t\t\t\t<div class=\"elementor-widget-container\">\n\t\t\t\t\t<div class=\"ekit-wid-con\" ><div class=\"ekit-heading elementskit-section-title-wraper text_center   ekit_heading_tablet-   ekit_heading_mobile-text_center\"><h6 class=\"ekit-heading--title elementskit-section-title \"><span><span>Hist\u00f3ria <\/span><\/span> de Impacto<\/h6><\/div><\/div>\t\t\t\t<\/div>\n\t\t\t\t<\/div>\n\t\t\t\t\t<\/div>\n\t\t\t\t<\/div>\n\t\t\t\t<section class=\"elementor-section elementor-top-section elementor-element elementor-element-258342b3 elementor-section-boxed elementor-section-height-default elementor-section-height-default\" data-id=\"258342b3\" data-element_type=\"section\" data-settings=\"{&quot;background_background&quot;:&quot;classic&quot;}\">\n\t\t\t\t\t\t<div class=\"elementor-container elementor-column-gap-no\">\n\t\t\t\t\t<div class=\"elementor-column elementor-col-100 elementor-top-column elementor-element elementor-element-398c267a\" data-id=\"398c267a\" data-element_type=\"column\">\n\t\t\t<div class=\"elementor-widget-wrap elementor-element-populated\">\n\t\t\t\t\t\t<div class=\"elementor-element elementor-element-ab12a2b elementor-widget elementor-widget-text-editor\" data-id=\"ab12a2b\" data-element_type=\"widget\" data-widget_type=\"text-editor.default\">\n\t\t\t\t<div class=\"elementor-widget-container\">\n\t\t\t\t\t\t\t\t\t<p><span style=\"font-weight: 400;\">Bem-vindo \u00e0 se\u00e7\u00e3o de Hist\u00f3rias de Impacto da Funda\u00e7\u00e3o NHR Brasil, onde compartilhamos relatos inspiradores de pessoas alcan\u00e7adas e transformadas por nossos projetos, que ilustram o poder da supera\u00e7\u00e3o diante dos desafios impostos pela hansen\u00edase. Cada uma reflete n\u00e3o apenas a jornada pessoal de indiv\u00edduos afetados, mas tamb\u00e9m o impacto positivo de nossas iniciativas na promo\u00e7\u00e3o da sa\u00fade, inclus\u00e3o social e defesa dos direitos humanos.\u00a0<\/span><\/p><p><span style=\"font-weight: 400;\">Convidamos voc\u00ea a explorar essas hist\u00f3rias para que, juntos, possamos ampliar o entendimento sobre a hansen\u00edase, inspirar a solidariedade e promover a conscientiza\u00e7\u00e3o por um Brasil e um mundo livres do sofrimento e da exclus\u00e3o relacionados \u00e0 doen\u00e7a.<\/span><\/p>\t\t\t\t\t\t\t\t<\/div>\n\t\t\t\t<\/div>\n\t\t\t\t\t<\/div>\n\t\t<\/div>\n\t\t\t\t\t<\/div>\n\t\t<\/section>\n\t\t\t\t<section class=\"elementor-section elementor-inner-section elementor-element elementor-element-20759f92 elementor-section-boxed elementor-section-height-default elementor-section-height-default\" data-id=\"20759f92\" data-element_type=\"section\">\n\t\t\t\t\t\t<div class=\"elementor-container elementor-column-gap-no\">\n\t\t\t\t\t<div class=\"elementor-column elementor-col-33 elementor-inner-column elementor-element elementor-element-6918e11c\" data-id=\"6918e11c\" data-element_type=\"column\" data-settings=\"{&quot;background_background&quot;:&quot;classic&quot;}\">\n\t\t\t<div class=\"elementor-widget-wrap elementor-element-populated\">\n\t\t\t\t\t<div class=\"elementor-background-overlay\"><\/div>\n\t\t\t\t\t\t<div class=\"elementor-element elementor-element-164d92d4 elementor-widget elementor-widget-image\" data-id=\"164d92d4\" data-element_type=\"widget\" data-widget_type=\"image.default\">\n\t\t\t\t<div class=\"elementor-widget-container\">\n\t\t\t\t\t\t\t\t\t\t\t\t\t\t\t<img fetchpriority=\"high\" decoding=\"async\" width=\"800\" height=\"534\" src=\"https:\/\/nhrbrasil.org.br\/wp-content\/uploads\/2024\/10\/PS_IMG_7025-1024x683.jpg\" class=\"attachment-large size-large wp-image-2264\" alt=\"\" srcset=\"https:\/\/nhrbrasil.org.br\/wp-content\/uploads\/2024\/10\/PS_IMG_7025-1024x683.jpg 1024w, https:\/\/nhrbrasil.org.br\/wp-content\/uploads\/2024\/10\/PS_IMG_7025-300x200.jpg 300w, https:\/\/nhrbrasil.org.br\/wp-content\/uploads\/2024\/10\/PS_IMG_7025-768x512.jpg 768w, https:\/\/nhrbrasil.org.br\/wp-content\/uploads\/2024\/10\/PS_IMG_7025-1536x1024.jpg 1536w, https:\/\/nhrbrasil.org.br\/wp-content\/uploads\/2024\/10\/PS_IMG_7025-2048x1365.jpg 2048w, https:\/\/nhrbrasil.org.br\/wp-content\/uploads\/2024\/10\/PS_IMG_7025-600x400.jpg 600w\" sizes=\"(max-width: 800px) 100vw, 800px\" \/>\t\t\t\t\t\t\t\t\t\t\t\t\t\t\t<\/div>\n\t\t\t\t<\/div>\n\t\t\t\t<div class=\"elementor-element elementor-element-edc0337 elementor-widget elementor-widget-text-editor\" data-id=\"edc0337\" data-element_type=\"widget\" data-widget_type=\"text-editor.default\">\n\t\t\t\t<div class=\"elementor-widget-container\">\n\t\t\t\t\t\t\t\t\t<p><b>Da Incerteza \u00e0 Esperan\u00e7a: a Coragem de uma m\u00e3e na jornada de cura do seu filho<\/b><\/p><p><i><span style=\"font-weight: 400;\">Conhe\u00e7a a jornada que Clediane percorreu at\u00e9 o diagn\u00f3stico de hansen\u00edase de seu filho, Enzo, de apenas 2 anos.<\/span><\/i><\/p>\t\t\t\t\t\t\t\t<\/div>\n\t\t\t\t<\/div>\n\t\t\t\t<section class=\"elementor-section elementor-inner-section elementor-element elementor-element-6330645f elementor-section-boxed elementor-section-height-default elementor-section-height-default\" data-id=\"6330645f\" data-element_type=\"section\">\n\t\t\t\t\t\t<div class=\"elementor-container elementor-column-gap-no\">\n\t\t\t\t\t<div class=\"elementor-column elementor-col-100 elementor-inner-column elementor-element elementor-element-61056424\" data-id=\"61056424\" data-element_type=\"column\">\n\t\t\t<div class=\"elementor-widget-wrap elementor-element-populated\">\n\t\t\t\t\t\t<div class=\"elementor-element elementor-element-42426617 elementor-vertical-align-top elementor-widget elementor-widget-image-box\" data-id=\"42426617\" data-element_type=\"widget\" data-widget_type=\"image-box.default\">\n\t\t\t\t<div class=\"elementor-widget-container\">\n\t\t\t\t\t<div class=\"elementor-image-box-wrapper\"><div class=\"elementor-image-box-content\"><h6 class=\"elementor-image-box-title\"><a href=\"https:\/\/nhrbrasil.org.br\/?p=3023\">Cleidiane e Enzo<\/a><\/h6><\/div><\/div>\t\t\t\t<\/div>\n\t\t\t\t<\/div>\n\t\t\t\t\t<\/div>\n\t\t<\/div>\n\t\t\t\t\t<\/div>\n\t\t<\/section>\n\t\t\t\t\t<\/div>\n\t\t<\/div>\n\t\t\t\t<div class=\"elementor-column elementor-col-33 elementor-inner-column elementor-element elementor-element-1de16d58\" data-id=\"1de16d58\" data-element_type=\"column\" data-settings=\"{&quot;background_background&quot;:&quot;classic&quot;}\">\n\t\t\t<div class=\"elementor-widget-wrap elementor-element-populated\">\n\t\t\t\t\t<div class=\"elementor-background-overlay\"><\/div>\n\t\t\t\t\t\t<div class=\"elementor-element elementor-element-768d9859 elementor-widget elementor-widget-image\" data-id=\"768d9859\" data-element_type=\"widget\" data-widget_type=\"image.default\">\n\t\t\t\t<div class=\"elementor-widget-container\">\n\t\t\t\t\t\t\t\t\t\t\t\t\t\t\t<img decoding=\"async\" width=\"800\" height=\"534\" src=\"https:\/\/nhrbrasil.org.br\/wp-content\/uploads\/2024\/10\/PS_IMG_6618-1024x683.jpg\" class=\"attachment-large size-large wp-image-2266\" alt=\"\" srcset=\"https:\/\/nhrbrasil.org.br\/wp-content\/uploads\/2024\/10\/PS_IMG_6618-1024x683.jpg 1024w, https:\/\/nhrbrasil.org.br\/wp-content\/uploads\/2024\/10\/PS_IMG_6618-300x200.jpg 300w, https:\/\/nhrbrasil.org.br\/wp-content\/uploads\/2024\/10\/PS_IMG_6618-768x512.jpg 768w, https:\/\/nhrbrasil.org.br\/wp-content\/uploads\/2024\/10\/PS_IMG_6618-1536x1024.jpg 1536w, https:\/\/nhrbrasil.org.br\/wp-content\/uploads\/2024\/10\/PS_IMG_6618-2048x1365.jpg 2048w, https:\/\/nhrbrasil.org.br\/wp-content\/uploads\/2024\/10\/PS_IMG_6618-600x400.jpg 600w\" sizes=\"(max-width: 800px) 100vw, 800px\" \/>\t\t\t\t\t\t\t\t\t\t\t\t\t\t\t<\/div>\n\t\t\t\t<\/div>\n\t\t\t\t<div class=\"elementor-element elementor-element-636fbb92 elementor-widget elementor-widget-text-editor\" data-id=\"636fbb92\" data-element_type=\"widget\" data-widget_type=\"text-editor.default\">\n\t\t\t\t<div class=\"elementor-widget-container\">\n\t\t\t\t\t\t\t\t\t<p><b>Dona Lourdes: Supera\u00e7\u00e3o Contra o Estigma da Hansen\u00edase<\/b><\/p><p><i><span style=\"font-weight: 400;\">Conhe\u00e7a Francisca Lourdes da Silva, pessoa acometida pela hansen\u00edase que encontrou for\u00e7as para enfrentar os desafios da doen\u00e7a por meio do projeto Desenvolvimento Inclusivo da NHR Brasil<\/span><\/i><\/p>\t\t\t\t\t\t\t\t<\/div>\n\t\t\t\t<\/div>\n\t\t\t\t<section class=\"elementor-section elementor-inner-section elementor-element elementor-element-73fb939d elementor-section-boxed elementor-section-height-default elementor-section-height-default\" data-id=\"73fb939d\" data-element_type=\"section\">\n\t\t\t\t\t\t<div class=\"elementor-container elementor-column-gap-no\">\n\t\t\t\t\t<div class=\"elementor-column elementor-col-100 elementor-inner-column elementor-element elementor-element-a854f77\" data-id=\"a854f77\" data-element_type=\"column\">\n\t\t\t<div class=\"elementor-widget-wrap elementor-element-populated\">\n\t\t\t\t\t\t<div class=\"elementor-element elementor-element-65435bad elementor-vertical-align-top elementor-widget elementor-widget-image-box\" data-id=\"65435bad\" data-element_type=\"widget\" data-widget_type=\"image-box.default\">\n\t\t\t\t<div class=\"elementor-widget-container\">\n\t\t\t\t\t<div class=\"elementor-image-box-wrapper\"><div class=\"elementor-image-box-content\"><h6 class=\"elementor-image-box-title\"><a href=\"https:\/\/nhrbrasil.org.br\/?p=3017\">Dona Lourdes<\/a><\/h6><\/div><\/div>\t\t\t\t<\/div>\n\t\t\t\t<\/div>\n\t\t\t\t\t<\/div>\n\t\t<\/div>\n\t\t\t\t\t<\/div>\n\t\t<\/section>\n\t\t\t\t\t<\/div>\n\t\t<\/div>\n\t\t\t\t<div class=\"elementor-column elementor-col-33 elementor-inner-column elementor-element elementor-element-ca53685\" data-id=\"ca53685\" data-element_type=\"column\" data-settings=\"{&quot;background_background&quot;:&quot;classic&quot;}\">\n\t\t\t<div class=\"elementor-widget-wrap elementor-element-populated\">\n\t\t\t\t\t<div class=\"elementor-background-overlay\"><\/div>\n\t\t\t\t\t\t<div class=\"elementor-element elementor-element-154088b4 elementor-widget elementor-widget-image\" data-id=\"154088b4\" data-element_type=\"widget\" data-widget_type=\"image.default\">\n\t\t\t\t<div class=\"elementor-widget-container\">\n\t\t\t\t\t\t\t\t\t\t\t\t\t\t\t<img decoding=\"async\" width=\"800\" height=\"534\" src=\"https:\/\/nhrbrasil.org.br\/wp-content\/uploads\/2024\/10\/SebastiaoQueiroz_Jaibaras_Brazil_2024_ZeroExclusion_BR016-7-1024x683.jpg\" class=\"attachment-large size-large wp-image-2280\" alt=\"\" srcset=\"https:\/\/nhrbrasil.org.br\/wp-content\/uploads\/2024\/10\/SebastiaoQueiroz_Jaibaras_Brazil_2024_ZeroExclusion_BR016-7-1024x683.jpg 1024w, https:\/\/nhrbrasil.org.br\/wp-content\/uploads\/2024\/10\/SebastiaoQueiroz_Jaibaras_Brazil_2024_ZeroExclusion_BR016-7-300x200.jpg 300w, https:\/\/nhrbrasil.org.br\/wp-content\/uploads\/2024\/10\/SebastiaoQueiroz_Jaibaras_Brazil_2024_ZeroExclusion_BR016-7-768x512.jpg 768w, https:\/\/nhrbrasil.org.br\/wp-content\/uploads\/2024\/10\/SebastiaoQueiroz_Jaibaras_Brazil_2024_ZeroExclusion_BR016-7-1536x1024.jpg 1536w, https:\/\/nhrbrasil.org.br\/wp-content\/uploads\/2024\/10\/SebastiaoQueiroz_Jaibaras_Brazil_2024_ZeroExclusion_BR016-7-2048x1365.jpg 2048w, https:\/\/nhrbrasil.org.br\/wp-content\/uploads\/2024\/10\/SebastiaoQueiroz_Jaibaras_Brazil_2024_ZeroExclusion_BR016-7-600x400.jpg 600w\" sizes=\"(max-width: 800px) 100vw, 800px\" \/>\t\t\t\t\t\t\t\t\t\t\t\t\t\t\t<\/div>\n\t\t\t\t<\/div>\n\t\t\t\t<div class=\"elementor-element elementor-element-28e434e1 elementor-widget elementor-widget-text-editor\" data-id=\"28e434e1\" data-element_type=\"widget\" data-widget_type=\"text-editor.default\">\n\t\t\t\t<div class=\"elementor-widget-container\">\n\t\t\t\t\t\t\t\t\t<p><b>A for\u00e7a de Seu Basti\u00e3o: F\u00e9 e resili\u00eancia na luta contra a Hansen\u00edase<\/b><\/p><p><i><span style=\"font-weight: 400;\">Conhe\u00e7a a hist\u00f3ria do agricultor que transformou a luta contra a hansen\u00edase em for\u00e7a para cuidar de sua fam\u00edlia e criar novas oportunidades em sua comunidade.<\/span><\/i><\/p>\t\t\t\t\t\t\t\t<\/div>\n\t\t\t\t<\/div>\n\t\t\t\t<section class=\"elementor-section elementor-inner-section elementor-element elementor-element-38ab7031 elementor-section-boxed elementor-section-height-default elementor-section-height-default\" data-id=\"38ab7031\" data-element_type=\"section\">\n\t\t\t\t\t\t<div class=\"elementor-container elementor-column-gap-no\">\n\t\t\t\t\t<div class=\"elementor-column elementor-col-100 elementor-inner-column elementor-element elementor-element-72b4987d\" data-id=\"72b4987d\" data-element_type=\"column\">\n\t\t\t<div class=\"elementor-widget-wrap elementor-element-populated\">\n\t\t\t\t\t\t<div class=\"elementor-element elementor-element-120e8ad6 elementor-vertical-align-top elementor-widget elementor-widget-image-box\" data-id=\"120e8ad6\" data-element_type=\"widget\" data-widget_type=\"image-box.default\">\n\t\t\t\t<div class=\"elementor-widget-container\">\n\t\t\t\t\t<div class=\"elementor-image-box-wrapper\"><div class=\"elementor-image-box-content\"><h6 class=\"elementor-image-box-title\"><a href=\"https:\/\/nhrbrasil.org.br\/?p=3001\">Seu Basti\u00e3o<\/a><\/h6><\/div><\/div>\t\t\t\t<\/div>\n\t\t\t\t<\/div>\n\t\t\t\t\t<\/div>\n\t\t<\/div>\n\t\t\t\t\t<\/div>\n\t\t<\/section>\n\t\t\t\t\t<\/div>\n\t\t<\/div>\n\t\t\t\t\t<\/div>\n\t\t<\/section>\n\t\t\t\t<\/div>\n\t\t","protected":false},"excerpt":{"rendered":"<p>Hist\u00f3ria de Impacto Bem-vindo \u00e0 se\u00e7\u00e3o de Hist\u00f3rias de Impacto da Funda\u00e7\u00e3o NHR Brasil, onde compartilhamos relatos inspiradores de pessoas alcan\u00e7adas e transformadas por nossos projetos, que ilustram o poder da supera\u00e7\u00e3o diante dos desafios impostos pela hansen\u00edase. Cada uma reflete n\u00e3o apenas a jornada pessoal de indiv\u00edduos afetados, mas tamb\u00e9m o impacto positivo de [&hellip;]<\/p>\n","protected":false},"author":1,"featured_media":0,"parent":0,"menu_order":0,"comment_status":"closed","ping_status":"closed","template":"","meta":{"om_disable_all_campaigns":false,"inline_featured_image":false,"_monsterinsights_skip_tracking":false,"_monsterinsights_sitenote_active":false,"_monsterinsights_sitenote_note":"","_monsterinsights_sitenote_category":0,"footnotes":""},"class_list":["post-1788","page","type-page","status-publish","hentry"],"aioseo_notices":[],"_links":{"self":[{"href":"https:\/\/nhrbrasil.org.br\/index.php?rest_route=\/wp\/v2\/pages\/1788","targetHints":{"allow":["GET"]}}],"collection":[{"href":"https:\/\/nhrbrasil.org.br\/index.php?rest_route=\/wp\/v2\/pages"}],"about":[{"href":"https:\/\/nhrbrasil.org.br\/index.php?rest_route=\/wp\/v2\/types\/page"}],"author":[{"embeddable":true,"href":"https:\/\/nhrbrasil.org.br\/index.php?rest_route=\/wp\/v2\/users\/1"}],"replies":[{"embeddable":true,"href":"https:\/\/nhrbrasil.org.br\/index.php?rest_route=%2Fwp%2Fv2%2Fcomments&post=1788"}],"version-history":[{"count":40,"href":"https:\/\/nhrbrasil.org.br\/index.php?rest_route=\/wp\/v2\/pages\/1788\/revisions"}],"predecessor-version":[{"id":3028,"href":"https:\/\/nhrbrasil.org.br\/index.php?rest_route=\/wp\/v2\/pages\/1788\/revisions\/3028"}],"wp:attachment":[{"href":"https:\/\/nhrbrasil.org.br\/index.php?rest_route=%2Fwp%2Fv2%2Fmedia&parent=1788"}],"curies":[{"name":"wp","href":"https:\/\/api.w.org\/{rel}","templated":true}]}}